{"id":608,"date":"2026-03-09T20:55:53","date_gmt":"2026-03-09T20:55:53","guid":{"rendered":"https:\/\/miamacadamia.ch\/?post_type=product&#038;p=608"},"modified":"2026-03-29T18:53:29","modified_gmt":"2026-03-29T17:53:29","slug":"knusprige-mandeldelikatessen","status":"publish","type":"product","link":"https:\/\/chocorange.ch\/de\/produit\/delices-croquants-aux-amandes\/","title":{"rendered":"Knusprige Mandelk\u00f6stlichkeiten"},"content":{"rendered":"<p><strong data-start=\"75\" data-end=\"96\">Knusprige K\u00f6stlichkeiten<\/strong> ist eine Gourmetmischung aus sorgf\u00e4ltig ausgew\u00e4hlten karamellisierten Mandeln. Die Kombination aus gro\u00dfz\u00fcgigem Kern und unwiderstehlichem Krokant bietet ein k\u00f6stliches Erlebnis, das zugleich raffiniert und tr\u00f6stlich ist. Ideal, um einen Kaffee zu begleiten, ein Dessert zu verfeinern oder sich einfach eine Schlemmerpause zu g\u00f6nnen.<\/p>","protected":false},"excerpt":{"rendered":"<p>D\u00e9lices croquants est un assortiment gourmand d&rsquo;amandes caram\u00e9lis\u00e9es soigneusement s\u00e9lectionn\u00e9es. L\u2019alliance du c\u0153ur g\u00e9n\u00e9reux et du croquant irr\u00e9sistible offre une exp\u00e9rience savoureuse, \u00e0 la fois raffin\u00e9e et r\u00e9confortante. Id\u00e9al pour accompagner un caf\u00e9, agr\u00e9menter un dessert ou simplement s\u2019accorder une pause gourmande.<\/p>","protected":false},"featured_media":1432,"comment_status":"open","ping_status":"closed","template":"","meta":{"_et_pb_use_builder":"","_et_pb_old_content":"","_et_gb_content_width":""},"product_brand":[],"product_cat":[41],"product_tag":[],"class_list":{"0":"post-608","1":"product","2":"type-product","3":"status-publish","4":"has-post-thumbnail","6":"product_cat-miamacadamia","8":"first","9":"instock","10":"shipping-taxable","11":"purchasable","12":"product-type-variable"},"yoast_head":"<!-- This site is optimized with the Yoast SEO plugin v27.5 - https:\/\/yoast.com\/product\/yoast-seo-wordpress\/ -->\n<title>D\u00e9lices croquants aux amandes - Chocorange<\/title>\n<meta name=\"robots\" content=\"index, follow, max-snippet:-1, max-image-preview:large, max-video-preview:-1\" \/>\n<link rel=\"canonical\" href=\"https:\/\/chocorange.ch\/de\/produkt\/knusprige-mandeldelikatessen\/\" \/>\n<meta property=\"og:locale\" content=\"de_DE\" \/>\n<meta property=\"og:type\" content=\"article\" \/>\n<meta property=\"og:title\" content=\"D\u00e9lices croquants aux amandes - Chocorange\" \/>\n<meta property=\"og:description\" content=\"D\u00e9lices croquants est un assortiment gourmand d&rsquo;amandes caram\u00e9lis\u00e9es soigneusement s\u00e9lectionn\u00e9es. L\u2019alliance du c\u0153ur g\u00e9n\u00e9reux et du croquant irr\u00e9sistible offre une exp\u00e9rience savoureuse, \u00e0 la fois raffin\u00e9e et r\u00e9confortante. Id\u00e9al pour accompagner un caf\u00e9, agr\u00e9menter un dessert ou simplement s\u2019accorder une pause gourmande.\" \/>\n<meta property=\"og:url\" content=\"https:\/\/chocorange.ch\/de\/produkt\/knusprige-mandeldelikatessen\/\" \/>\n<meta property=\"og:site_name\" content=\"Chocorange\" \/>\n<meta property=\"article:modified_time\" content=\"2026-03-29T17:53:29+00:00\" \/>\n<meta property=\"og:image\" content=\"https:\/\/i0.wp.com\/chocorange.ch\/wp-content\/uploads\/2026\/03\/IMG_1701-scaled.jpg?fit=2560%2C1920&ssl=1\" \/>\n\t<meta property=\"og:image:width\" content=\"2560\" \/>\n\t<meta property=\"og:image:height\" content=\"1920\" \/>\n\t<meta property=\"og:image:type\" content=\"image\/jpeg\" \/>\n<meta name=\"twitter:card\" content=\"summary_large_image\" \/>\n<meta name=\"twitter:label1\" content=\"Gesch\u00e4tzte Lesezeit\" \/>\n\t<meta name=\"twitter:data1\" content=\"1\u00a0Minute\" \/>\n<script type=\"application\/ld+json\" class=\"yoast-schema-graph\">{\"@context\":\"https:\\\/\\\/schema.org\",\"@graph\":[{\"@type\":\"WebPage\",\"@id\":\"https:\\\/\\\/chocorange.ch\\\/produit\\\/delices-croquants-aux-amandes\\\/\",\"url\":\"https:\\\/\\\/chocorange.ch\\\/produit\\\/delices-croquants-aux-amandes\\\/\",\"name\":\"D\u00e9lices croquants aux amandes - Chocorange\",\"isPartOf\":{\"@id\":\"https:\\\/\\\/chocorange.ch\\\/#website\"},\"primaryImageOfPage\":{\"@id\":\"https:\\\/\\\/chocorange.ch\\\/produit\\\/delices-croquants-aux-amandes\\\/#primaryimage\"},\"image\":{\"@id\":\"https:\\\/\\\/chocorange.ch\\\/produit\\\/delices-croquants-aux-amandes\\\/#primaryimage\"},\"thumbnailUrl\":\"https:\\\/\\\/chocorange.ch\\\/wp-content\\\/uploads\\\/2026\\\/03\\\/IMG_1701-scaled.jpg\",\"datePublished\":\"2026-03-09T20:55:53+00:00\",\"dateModified\":\"2026-03-29T17:53:29+00:00\",\"breadcrumb\":{\"@id\":\"https:\\\/\\\/chocorange.ch\\\/produit\\\/delices-croquants-aux-amandes\\\/#breadcrumb\"},\"inLanguage\":\"de\",\"potentialAction\":[{\"@type\":\"ReadAction\",\"target\":[\"https:\\\/\\\/chocorange.ch\\\/produit\\\/delices-croquants-aux-amandes\\\/\"]}]},{\"@type\":\"ImageObject\",\"inLanguage\":\"de\",\"@id\":\"https:\\\/\\\/chocorange.ch\\\/produit\\\/delices-croquants-aux-amandes\\\/#primaryimage\",\"url\":\"https:\\\/\\\/chocorange.ch\\\/wp-content\\\/uploads\\\/2026\\\/03\\\/IMG_1701-scaled.jpg\",\"contentUrl\":\"https:\\\/\\\/chocorange.ch\\\/wp-content\\\/uploads\\\/2026\\\/03\\\/IMG_1701-scaled.jpg\",\"width\":2560,\"height\":1920},{\"@type\":\"BreadcrumbList\",\"@id\":\"https:\\\/\\\/chocorange.ch\\\/produit\\\/delices-croquants-aux-amandes\\\/#breadcrumb\",\"itemListElement\":[{\"@type\":\"ListItem\",\"position\":1,\"name\":\"Accueil\",\"item\":\"https:\\\/\\\/chocorange.ch\\\/\"},{\"@type\":\"ListItem\",\"position\":2,\"name\":\"Boutique\",\"item\":\"https:\\\/\\\/chocorange.ch\\\/boutique\\\/\"},{\"@type\":\"ListItem\",\"position\":3,\"name\":\"Miamacadamia\",\"item\":\"https:\\\/\\\/chocorange.ch\\\/categorie-produit\\\/miamacadamia\\\/\"},{\"@type\":\"ListItem\",\"position\":4,\"name\":\"D\u00e9lices croquants aux amandes\"}]},{\"@type\":\"WebSite\",\"@id\":\"https:\\\/\\\/chocorange.ch\\\/#website\",\"url\":\"https:\\\/\\\/chocorange.ch\\\/\",\"name\":\"Chocorange\",\"description\":\"\",\"publisher\":{\"@id\":\"https:\\\/\\\/chocorange.ch\\\/#organization\"},\"potentialAction\":[{\"@type\":\"SearchAction\",\"target\":{\"@type\":\"EntryPoint\",\"urlTemplate\":\"https:\\\/\\\/chocorange.ch\\\/?s={search_term_string}\"},\"query-input\":{\"@type\":\"PropertyValueSpecification\",\"valueRequired\":true,\"valueName\":\"search_term_string\"}}],\"inLanguage\":\"de\"},{\"@type\":\"Organization\",\"@id\":\"https:\\\/\\\/chocorange.ch\\\/#organization\",\"name\":\"Chocorange\",\"url\":\"https:\\\/\\\/chocorange.ch\\\/\",\"logo\":{\"@type\":\"ImageObject\",\"inLanguage\":\"de\",\"@id\":\"https:\\\/\\\/chocorange.ch\\\/#\\\/schema\\\/logo\\\/image\\\/\",\"url\":\"https:\\\/\\\/chocorange.ch\\\/wp-content\\\/uploads\\\/2026\\\/03\\\/min.logo_.png\",\"contentUrl\":\"https:\\\/\\\/chocorange.ch\\\/wp-content\\\/uploads\\\/2026\\\/03\\\/min.logo_.png\",\"width\":388,\"height\":70,\"caption\":\"Chocorange\"},\"image\":{\"@id\":\"https:\\\/\\\/chocorange.ch\\\/#\\\/schema\\\/logo\\\/image\\\/\"}}]}<\/script>\n<!-- \/ Yoast SEO plugin. -->","yoast_head_json":{"title":"Knusprige Mandelk\u00f6stlichkeiten - Chocorange","robots":{"index":"index","follow":"follow","max-snippet":"max-snippet:-1","max-image-preview":"max-image-preview:large","max-video-preview":"max-video-preview:-1"},"canonical":"https:\/\/chocorange.ch\/de\/produkt\/knusprige-mandeldelikatessen\/","og_locale":"de_DE","og_type":"article","og_title":"D\u00e9lices croquants aux amandes - Chocorange","og_description":"D\u00e9lices croquants est un assortiment gourmand d&rsquo;amandes caram\u00e9lis\u00e9es soigneusement s\u00e9lectionn\u00e9es. L\u2019alliance du c\u0153ur g\u00e9n\u00e9reux et du croquant irr\u00e9sistible offre une exp\u00e9rience savoureuse, \u00e0 la fois raffin\u00e9e et r\u00e9confortante. Id\u00e9al pour accompagner un caf\u00e9, agr\u00e9menter un dessert ou simplement s\u2019accorder une pause gourmande.","og_url":"https:\/\/chocorange.ch\/de\/produkt\/knusprige-mandeldelikatessen\/","og_site_name":"Chocorange","article_modified_time":"2026-03-29T17:53:29+00:00","og_image":[{"width":2560,"height":1920,"url":"https:\/\/i0.wp.com\/chocorange.ch\/wp-content\/uploads\/2026\/03\/IMG_1701-scaled.jpg?fit=2560%2C1920&ssl=1","type":"image\/jpeg"}],"twitter_card":"summary_large_image","twitter_misc":{"Gesch\u00e4tzte Lesezeit":"1\u00a0Minute"},"schema":{"@context":"https:\/\/schema.org","@graph":[{"@type":"WebPage","@id":"https:\/\/chocorange.ch\/produit\/delices-croquants-aux-amandes\/","url":"https:\/\/chocorange.ch\/produit\/delices-croquants-aux-amandes\/","name":"Knusprige Mandelk\u00f6stlichkeiten - Chocorange","isPartOf":{"@id":"https:\/\/chocorange.ch\/#website"},"primaryImageOfPage":{"@id":"https:\/\/chocorange.ch\/produit\/delices-croquants-aux-amandes\/#primaryimage"},"image":{"@id":"https:\/\/chocorange.ch\/produit\/delices-croquants-aux-amandes\/#primaryimage"},"thumbnailUrl":"https:\/\/chocorange.ch\/wp-content\/uploads\/2026\/03\/IMG_1701-scaled.jpg","datePublished":"2026-03-09T20:55:53+00:00","dateModified":"2026-03-29T17:53:29+00:00","breadcrumb":{"@id":"https:\/\/chocorange.ch\/produit\/delices-croquants-aux-amandes\/#breadcrumb"},"inLanguage":"de","potentialAction":[{"@type":"ReadAction","target":["https:\/\/chocorange.ch\/produit\/delices-croquants-aux-amandes\/"]}]},{"@type":"ImageObject","inLanguage":"de","@id":"https:\/\/chocorange.ch\/produit\/delices-croquants-aux-amandes\/#primaryimage","url":"https:\/\/chocorange.ch\/wp-content\/uploads\/2026\/03\/IMG_1701-scaled.jpg","contentUrl":"https:\/\/chocorange.ch\/wp-content\/uploads\/2026\/03\/IMG_1701-scaled.jpg","width":2560,"height":1920},{"@type":"BreadcrumbList","@id":"https:\/\/chocorange.ch\/produit\/delices-croquants-aux-amandes\/#breadcrumb","itemListElement":[{"@type":"ListItem","position":1,"name":"Accueil","item":"https:\/\/chocorange.ch\/"},{"@type":"ListItem","position":2,"name":"Boutique","item":"https:\/\/chocorange.ch\/boutique\/"},{"@type":"ListItem","position":3,"name":"Miamacadamia","item":"https:\/\/chocorange.ch\/categorie-produit\/miamacadamia\/"},{"@type":"ListItem","position":4,"name":"D\u00e9lices croquants aux amandes"}]},{"@type":"WebSite","@id":"https:\/\/chocorange.ch\/#website","url":"https:\/\/chocorange.ch\/","name":"Chocorange","description":"","publisher":{"@id":"https:\/\/chocorange.ch\/#organization"},"potentialAction":[{"@type":"SearchAction","target":{"@type":"EntryPoint","urlTemplate":"https:\/\/chocorange.ch\/?s={search_term_string}"},"query-input":{"@type":"PropertyValueSpecification","valueRequired":true,"valueName":"search_term_string"}}],"inLanguage":"de"},{"@type":"Organization","@id":"https:\/\/chocorange.ch\/#organization","name":"Chocorange","url":"https:\/\/chocorange.ch\/","logo":{"@type":"ImageObject","inLanguage":"de","@id":"https:\/\/chocorange.ch\/#\/schema\/logo\/image\/","url":"https:\/\/chocorange.ch\/wp-content\/uploads\/2026\/03\/min.logo_.png","contentUrl":"https:\/\/chocorange.ch\/wp-content\/uploads\/2026\/03\/min.logo_.png","width":388,"height":70,"caption":"Chocorange"},"image":{"@id":"https:\/\/chocorange.ch\/#\/schema\/logo\/image\/"}}]}},"jetpack_sharing_enabled":true,"_links":{"self":[{"href":"https:\/\/chocorange.ch\/de\/wp-json\/wp\/v2\/product\/608","targetHints":{"allow":["GET"]}}],"collection":[{"href":"https:\/\/chocorange.ch\/de\/wp-json\/wp\/v2\/product"}],"about":[{"href":"https:\/\/chocorange.ch\/de\/wp-json\/wp\/v2\/types\/product"}],"replies":[{"embeddable":true,"href":"https:\/\/chocorange.ch\/de\/wp-json\/wp\/v2\/comments?post=608"}],"wp:featuredmedia":[{"embeddable":true,"href":"https:\/\/chocorange.ch\/de\/wp-json\/wp\/v2\/media\/1432"}],"wp:attachment":[{"href":"https:\/\/chocorange.ch\/de\/wp-json\/wp\/v2\/media?parent=608"}],"wp:term":[{"taxonomy":"product_brand","embeddable":true,"href":"https:\/\/chocorange.ch\/de\/wp-json\/wp\/v2\/product_brand?post=608"},{"taxonomy":"product_cat","embeddable":true,"href":"https:\/\/chocorange.ch\/de\/wp-json\/wp\/v2\/product_cat?post=608"},{"taxonomy":"product_tag","embeddable":true,"href":"https:\/\/chocorange.ch\/de\/wp-json\/wp\/v2\/product_tag?post=608"}],"curies":[{"name":"wp","href":"https:\/\/api.w.org\/{rel}","templated":true}]}}